{"id":31,"date":"2026-03-17T12:48:22","date_gmt":"2026-03-17T15:48:22","guid":{"rendered":"http:\/\/phellipe.hub-feliz.cloud\/?page_id=31"},"modified":"2026-03-17T14:22:33","modified_gmt":"2026-03-17T17:22:33","slug":"elementor-31","status":"publish","type":"page","link":"https:\/\/phellipe.hub-feliz.cloud\/index.php\/elementor-31\/","title":{"rendered":"Elementor #31"},"content":{"rendered":"\t\t<div data-elementor-type=\"wp-post\" data-elementor-id=\"31\" class=\"elementor elementor-31\">\n\t\t\t\t<div class=\"elementor-element elementor-element-93a7492 e-flex e-con-boxed e-con e-parent\" data-id=\"93a7492\" data-element_type=\"container\" data-e-type=\"container\">\n\t\t\t\t\t<div class=\"e-con-inner\">\n\t\t\t\t<div class=\"elementor-element elementor-element-ef5bdc3 elementor-widget elementor-widget-shortcode\" data-id=\"ef5bdc3\" data-element_type=\"widget\" data-e-type=\"widget\" data-widget_type=\"shortcode.default\">\n\t\t\t\t\t\t\t<div class=\"elementor-shortcode\"><div class=\"tvs\" data-whatsapp=\"556999287788\">\n\n<!-- LOGOMARK -->\n<div class=\"tvs-logo\">\n  <div id=\"tvs-logo-img\" style=\"width:120px;height:120px;background-image:url('https:\/\/phellipe.hub-feliz.cloud\/wp-content\/plugins\/tem-visto-saindo\/assets\/logo.png');background-size:contain;background-repeat:no-repeat;background-position:center;background-color:transparent!important;border:none!important;border-radius:0!important;box-shadow:none!important;\"><\/div>\n  <div class=\"tvs-logo-nome\">Tem Visto <span>Saindo<\/span><\/div>\n  <div class=\"tvs-logo-sub\">Especialistas em Vistos Americanos<\/div>\n  <div class=\"tvs-logo-badge\">\u2708 Desde 2014<\/div>\n<\/div>\n\n<!-- HERO -->\n<div class=\"tvs-hero\">\n  <div class=\"tvs-hero-grid\">\n    <div>\n      <h2>Descubra suas <em>chances reais<\/em> de aprova\u00e7\u00e3o<\/h2>\n      <p class=\"tvs-hero-desc\">Preencha o formul\u00e1rio e nossa an\u00e1lise calcular\u00e1 seu perfil para o visto B1\/B2 dos Estados Unidos \u2014 com base nos crit\u00e9rios reais dos consulados americanos.<\/p>\n      <div class=\"tvs-chips\">\n        <span class=\"tvs-chip\">Renda &amp; V\u00ednculos<\/span>\n        <span class=\"tvs-chip\">Hist\u00f3rico de Viagens<\/span>\n        <span class=\"tvs-chip\">Situa\u00e7\u00e3o Familiar<\/span>\n        <span class=\"tvs-chip\">Patrim\u00f4nio<\/span>\n      <\/div>\n    <\/div>\n    <div class=\"tvs-cards\">\n      <div class=\"tvs-card\"><span class=\"tvs-card-icon\">\ud83c\udfdb\ufe0f<\/span><div><h4>Visto B1 \u2014 Neg\u00f3cios<\/h4><p>Para reuni\u00f5es, confer\u00eancias e atividades comerciais nos EUA sem trabalho remunerado local.<\/p><\/div><\/div>\n      <div class=\"tvs-card\"><span class=\"tvs-card-icon\">\ud83d\uddfd<\/span><div><h4>Visto B2 \u2014 Turismo<\/h4><p>Para turismo, visita a familiares, tratamento m\u00e9dico e interc\u00e2mbio de curta dura\u00e7\u00e3o.<\/p><\/div><\/div>\n      <div class=\"tvs-card\"><span class=\"tvs-card-icon\">\ud83d\udd0d<\/span><div><h4>An\u00e1lise Personalizada<\/h4><p>Identificamos pontos fortes e vulnerabilidades com base nos crit\u00e9rios consulares reais.<\/p><\/div><\/div>\n    <\/div>\n  <\/div>\n<\/div>\n\n<!-- FORM SECTION -->\n<div class=\"tvs-fsec\">\n  <div class=\"tvs-ftitle\">\n    <div class=\"tvs-ftag\">\u2708 Formul\u00e1rio de An\u00e1lise<\/div>\n    <h3>Preencha seus dados para an\u00e1lise<\/h3>\n    <p>Todas as informa\u00e7\u00f5es s\u00e3o confidenciais e usadas apenas para avalia\u00e7\u00e3o de perfil<\/p>\n    <div class=\"tvs-divider\"><\/div>\n  <\/div>\n\n  <div class=\"tvs-fcard\">\n    <div class=\"tvs-fhead\">\n      <h4>An\u00e1lise de Perfil \u00b7 Visto B1\/B2 EUA<\/h4>\n      <div class=\"tvs-prog\">\n        <div class=\"tvs-dot on\"><\/div><div class=\"tvs-dot\"><\/div><div class=\"tvs-dot\"><\/div><div class=\"tvs-dot\"><\/div><div class=\"tvs-dot\"><\/div>\n      <\/div>\n    <\/div>\n\n    <div class=\"tvs-fi\" id=\"tvs-fi\">\n\n      <!-- ETAPA 1 -->\n      <div class=\"tvs-step on\" id=\"tvs-s0\">\n        <div class=\"tvs-sh\">Dados Pessoais<\/div>\n        <div class=\"tvs-ss\">Informa\u00e7\u00f5es b\u00e1sicas de identifica\u00e7\u00e3o do solicitante<\/div>\n        <div class=\"tvs-g\">\n          <div class=\"tvs-f\"><label class=\"tvs-lbl\">Nome Completo <span class=\"r\">*<\/span><\/label><input type=\"text\" id=\"tvs-nome\" placeholder=\"Como no passaporte\" required><\/div>\n          <div class=\"tvs-f\"><label class=\"tvs-lbl\">Data de Nascimento <span class=\"r\">*<\/span><\/label><input type=\"date\" id=\"tvs-nasc\" required><\/div>\n        <\/div>\n        <div class=\"tvs-g\">\n          <div class=\"tvs-f\"><label class=\"tvs-lbl\">Estado Civil <span class=\"r\">*<\/span><\/label>\n            <select id=\"tvs-ec\" required><option value=\"\">Selecione...<\/option><option value=\"casado\">Casado(a)<\/option><option value=\"solteiro\">Solteiro(a)<\/option><option value=\"divorciado\">Divorciado(a)<\/option><option value=\"viuvo\">Vi\u00favo(a)<\/option><option value=\"uniao_estavel\">Uni\u00e3o Est\u00e1vel<\/option><\/select><\/div>\n          <div class=\"tvs-f\"><label class=\"tvs-lbl\">Filhos no Brasil <span class=\"r\">*<\/span><\/label>\n            <select id=\"tvs-filhos\" required><option value=\"\">Selecione...<\/option><option value=\"0\">Sem filhos<\/option><option value=\"1\">1 filho<\/option><option value=\"2\">2 filhos<\/option><option value=\"3\">3 ou mais filhos<\/option><\/select><\/div>\n        <\/div>\n        <div class=\"tvs-g\">\n          <div class=\"tvs-f\"><label class=\"tvs-lbl\">Cidade \/ Estado <span class=\"r\">*<\/span><\/label><input type=\"text\" id=\"tvs-cidade\" placeholder=\"Ex: Porto Velho \/ RO\" required><\/div>\n          <div class=\"tvs-f\"><label class=\"tvs-lbl\">Tipo de Visto Desejado <span class=\"r\">*<\/span><\/label>\n            <select id=\"tvs-tipo\" required><option value=\"\">Selecione...<\/option><option value=\"b2\">B2 \u2014 Turismo \/ Visita<\/option><option value=\"b1\">B1 \u2014 Neg\u00f3cios<\/option><option value=\"b1b2\">B1\/B2 \u2014 Ambos<\/option><\/select><\/div>\n        <\/div>\n        <div class=\"tvs-act\"><span class=\"tvs-sc\">Etapa 1 de 5<\/span><button class=\"tvs-btn tvs-next\" onclick=\"tvsNext(0)\">Pr\u00f3ximo \u279c<\/button><\/div>\n      <\/div>\n\n      <!-- ETAPA 2 -->\n      <div class=\"tvs-step\" id=\"tvs-s1\">\n        <div class=\"tvs-sh\">Situa\u00e7\u00e3o Profissional<\/div>\n        <div class=\"tvs-ss\">Emprego e renda s\u00e3o fatores cruciais na an\u00e1lise consular<\/div>\n        <div class=\"tvs-g f\">\n          <div class=\"tvs-f\"><label class=\"tvs-lbl\">Situa\u00e7\u00e3o de Emprego <span class=\"r\">*<\/span><\/label>\n            <div class=\"tvs-rg\">\n              <input type=\"radio\" id=\"te1\" name=\"tvs-emp\" value=\"clt\"><label for=\"te1\">\ud83d\udc54 CLT<\/label>\n              <input type=\"radio\" id=\"te2\" name=\"tvs-emp\" value=\"autonomo\"><label for=\"te2\">\ud83d\udcbc Aut\u00f4nomo<\/label>\n              <input type=\"radio\" id=\"te3\" name=\"tvs-emp\" value=\"empresario\"><label for=\"te3\">\ud83c\udfe2 Empres\u00e1rio<\/label>\n              <input type=\"radio\" id=\"te4\" name=\"tvs-emp\" value=\"funcionario_publico\"><label for=\"te4\">\ud83c\udfdb\ufe0f Servidor P\u00fablico<\/label>\n              <input type=\"radio\" id=\"te5\" name=\"tvs-emp\" value=\"aposentado\"><label for=\"te5\">\ud83e\uddd3 Aposentado<\/label>\n              <input type=\"radio\" id=\"te6\" name=\"tvs-emp\" value=\"desempregado\"><label for=\"te6\">\ud83d\udd0d Desempregado<\/label>\n              <input type=\"radio\" id=\"te7\" name=\"tvs-emp\" value=\"estudante\"><label for=\"te7\">\ud83d\udcda Estudante<\/label>\n            <\/div>\n          <\/div>\n        <\/div>\n        <div class=\"tvs-g\">\n          <div class=\"tvs-f\"><label class=\"tvs-lbl\">Tempo no Emprego <span class=\"r\">*<\/span><\/label>\n            <select id=\"tvs-tempo\" required><option value=\"\">Selecione...<\/option><option value=\"menos1\">Menos de 1 ano<\/option><option value=\"1a3\">1 a 3 anos<\/option><option value=\"3a5\">3 a 5 anos<\/option><option value=\"mais5\">Mais de 5 anos<\/option><option value=\"na\">N\u00e3o se aplica<\/option><\/select><\/div>\n          <div class=\"tvs-f\"><label class=\"tvs-lbl\">Renda Mensal Bruta <span class=\"r\">*<\/span> <span class=\"t\">Individual<\/span><\/label>\n            <select id=\"tvs-renda\" required><option value=\"\">Selecione...<\/option><option value=\"ate2k\">At\u00e9 R$ 2.000<\/option><option value=\"2k5k\">R$ 2.001 a R$ 5.000<\/option><option value=\"5k10k\">R$ 5.001 a R$ 10.000<\/option><option value=\"10k20k\">R$ 10.001 a R$ 20.000<\/option><option value=\"mais20k\">Acima de R$ 20.000<\/option><\/select><\/div>\n        <\/div>\n        <div class=\"tvs-g\">\n          <div class=\"tvs-f\"><label class=\"tvs-lbl\">Profiss\u00e3o \/ Cargo<\/label><input type=\"text\" id=\"tvs-prof\" placeholder=\"Ex: M\u00e9dico, Engenheiro...\"><\/div>\n          <div class=\"tvs-f\"><label class=\"tvs-lbl\">Empresa \/ Institui\u00e7\u00e3o<\/label><input type=\"text\" id=\"tvs-emp2\" placeholder=\"Nome da empresa\"><\/div>\n        <\/div>\n        <div class=\"tvs-act\"><button class=\"tvs-btn tvs-back\" onclick=\"tvsBack(1)\">\u2190 Voltar<\/button><button class=\"tvs-btn tvs-next\" onclick=\"tvsNext(1)\">Pr\u00f3ximo \u279c<\/button><\/div>\n      <\/div>\n\n      <!-- ETAPA 3 -->\n      <div class=\"tvs-step\" id=\"tvs-s2\">\n        <div class=\"tvs-sh\">Patrim\u00f4nio &amp; V\u00ednculos no Brasil<\/div>\n        <div class=\"tvs-ss\">Esses fatores demonstram que voc\u00ea tem motivos para retornar ao Brasil<\/div>\n        <div class=\"tvs-g\">\n          <div class=\"tvs-f\"><label class=\"tvs-lbl\">Possui im\u00f3vel pr\u00f3prio? <span class=\"r\">*<\/span><\/label>\n            <select id=\"tvs-imovel\" required><option value=\"\">Selecione...<\/option><option value=\"sim_quitado\">Sim, quitado<\/option><option value=\"sim_financiado\">Sim, financiado<\/option><option value=\"nao\">N\u00e3o possuo<\/option><\/select><\/div>\n          <div class=\"tvs-f\"><label class=\"tvs-lbl\">Saldo em Conta \/ Poupan\u00e7a <span class=\"r\">*<\/span><\/label>\n            <select id=\"tvs-saldo\" required><option value=\"\">Selecione...<\/option><option value=\"ate5k\">At\u00e9 R$ 5.000<\/option><option value=\"5k20k\">R$ 5.001 a R$ 20.000<\/option><option value=\"20k50k\">R$ 20.001 a R$ 50.000<\/option><option value=\"mais50k\">Acima de R$ 50.000<\/option><\/select><\/div>\n        <\/div>\n        <div class=\"tvs-g\">\n          <div class=\"tvs-f\"><label class=\"tvs-lbl\">Familiares diretos no Brasil <span class=\"r\">*<\/span><\/label>\n            <select id=\"tvs-fam\" required><option value=\"\">Selecione...<\/option><option value=\"muitos\">Pais, c\u00f4njuge e\/ou filhos<\/option><option value=\"alguns\">Irm\u00e3os ou outros parentes<\/option><option value=\"poucos\">Poucos v\u00ednculos<\/option><\/select><\/div>\n          <div class=\"tvs-f\"><label class=\"tvs-lbl\">Possui ve\u00edculo?<\/label>\n            <select id=\"tvs-vei\"><option value=\"\">Selecione...<\/option><option value=\"sim\">Sim<\/option><option value=\"nao\">N\u00e3o<\/option><\/select><\/div>\n        <\/div>\n        <div class=\"tvs-g f\">\n          <div class=\"tvs-f\"><label class=\"tvs-lbl\">Possui parentes nos EUA? <span class=\"r\">*<\/span><\/label>\n            <div class=\"tvs-rg\">\n              <input type=\"radio\" id=\"tp1\" name=\"tvs-par\" value=\"nao\"><label for=\"tp1\">\u2705 N\u00e3o possuo<\/label>\n              <input type=\"radio\" id=\"tp2\" name=\"tvs-par\" value=\"visita\"><label for=\"tp2\">\ud83d\udc68\u200d\ud83d\udc69\u200d\ud83d\udc67 Sim, vou visitar<\/label>\n              <input type=\"radio\" id=\"tp3\" name=\"tvs-par\" value=\"moram\"><label for=\"tp3\">\ud83c\udfe0 Sim, moram l\u00e1<\/label>\n              <input type=\"radio\" id=\"tp4\" name=\"tvs-par\" value=\"irregular\"><label for=\"tp4\">\u26a0\ufe0f Sim, em situa\u00e7\u00e3o irregular<\/label>\n            <\/div>\n          <\/div>\n        <\/div>\n        <div class=\"tvs-act\"><button class=\"tvs-btn tvs-back\" onclick=\"tvsBack(2)\">\u2190 Voltar<\/button><button class=\"tvs-btn tvs-next\" onclick=\"tvsNext(2)\">Pr\u00f3ximo \u279c<\/button><\/div>\n      <\/div>\n\n      <!-- ETAPA 4 -->\n      <div class=\"tvs-step\" id=\"tvs-s3\">\n        <div class=\"tvs-sh\">Hist\u00f3rico de Viagens<\/div>\n        <div class=\"tvs-ss\">Experi\u00eancia em viagens internacionais fortalece o perfil consular<\/div>\n        <div class=\"tvs-g\">\n          <div class=\"tvs-f\"><label class=\"tvs-lbl\">J\u00e1 viajou ao exterior? <span class=\"r\">*<\/span><\/label>\n            <select id=\"tvs-viag\" required><option value=\"\">Selecione...<\/option><option value=\"nunca\">Nunca viajei<\/option><option value=\"1vez\">1 vez<\/option><option value=\"2a5\">2 a 5 vezes<\/option><option value=\"mais5\">Mais de 5 vezes<\/option><\/select><\/div>\n          <div class=\"tvs-f\"><label class=\"tvs-lbl\">J\u00e1 teve visto negado? <span class=\"r\">*<\/span><\/label>\n            <select id=\"tvs-neg\" required><option value=\"\">Selecione...<\/option><option value=\"nao\">Nunca fui negado(a)<\/option><option value=\"outro_pais\">Negado em outro pa\u00eds<\/option><option value=\"eua_uma\">Negado nos EUA 1x<\/option><option value=\"eua_mais\">Negado nos EUA 2x ou mais<\/option><\/select><\/div>\n        <\/div>\n        <div class=\"tvs-g\">\n          <div class=\"tvs-f\"><label class=\"tvs-lbl\">J\u00e1 esteve nos EUA? <span class=\"r\">*<\/span><\/label>\n            <select id=\"tvs-eua\" required><option value=\"\">Selecione...<\/option><option value=\"nao\">Nunca fui<\/option><option value=\"sim_regular\">Sim, entrei regularmente<\/option><option value=\"sim_overstay\">Sim, mas fiquei al\u00e9m do prazo<\/option><\/select><\/div>\n          <div class=\"tvs-f\"><label class=\"tvs-lbl\">Possui passaporte v\u00e1lido? <span class=\"r\">*<\/span><\/label>\n            <select id=\"tvs-pass\" required><option value=\"\">Selecione...<\/option><option value=\"sim_5anos\">Sim, v\u00e1lido por 5+ anos<\/option><option value=\"sim_menos\">Sim, validade menor<\/option><option value=\"nao\">Ainda n\u00e3o possuo<\/option><\/select><\/div>\n        <\/div>\n        <div class=\"tvs-g f\">\n          <div class=\"tvs-f\"><label class=\"tvs-lbl\">Motivo da Viagem <span class=\"r\">*<\/span><\/label>\n            <div class=\"tvs-rg\">\n              <input type=\"radio\" id=\"tm1\" name=\"tvs-mot\" value=\"turismo\"><label for=\"tm1\">\ud83d\uddfd Turismo<\/label>\n              <input type=\"radio\" id=\"tm2\" name=\"tvs-mot\" value=\"negocios\"><label for=\"tm2\">\ud83d\udcbc Neg\u00f3cios<\/label>\n              <input type=\"radio\" id=\"tm3\" name=\"tvs-mot\" value=\"visita_familiar\"><label for=\"tm3\">\ud83d\udc68\u200d\ud83d\udc69\u200d\ud83d\udc67 Visitar Familiar<\/label>\n              <input type=\"radio\" id=\"tm4\" name=\"tvs-mot\" value=\"medico\"><label for=\"tm4\">\ud83c\udfe5 Tratamento M\u00e9dico<\/label>\n              <input type=\"radio\" id=\"tm5\" name=\"tvs-mot\" value=\"intercambio\"><label for=\"tm5\">\ud83c\udf93 Interc\u00e2mbio<\/label>\n            <\/div>\n          <\/div>\n        <\/div>\n        <div class=\"tvs-act\"><button class=\"tvs-btn tvs-back\" onclick=\"tvsBack(3)\">\u2190 Voltar<\/button><button class=\"tvs-btn tvs-next\" onclick=\"tvsNext(3)\">Pr\u00f3ximo \u279c<\/button><\/div>\n      <\/div>\n\n      <!-- ETAPA 5 -->\n      <div class=\"tvs-step\" id=\"tvs-s4\">\n        <div class=\"tvs-sh\">Contato &amp; Confirma\u00e7\u00e3o<\/div>\n        <div class=\"tvs-ss\">Para enviarmos sua an\u00e1lise e entrarmos em contato com voc\u00ea<\/div>\n        <div class=\"tvs-g\">\n          <div class=\"tvs-f\"><label class=\"tvs-lbl\">E-mail <span class=\"r\">*<\/span><\/label><input type=\"email\" id=\"tvs-email\" placeholder=\"seu@email.com\" required><\/div>\n          <div class=\"tvs-f\"><label class=\"tvs-lbl\">WhatsApp <span class=\"r\">*<\/span><\/label><input type=\"tel\" id=\"tvs-wpp\" placeholder=\"(XX) 9XXXX-XXXX\" required><\/div>\n        <\/div>\n        <div class=\"tvs-g f\">\n          <div class=\"tvs-f\"><label class=\"tvs-lbl\">Observa\u00e7\u00f5es <span class=\"t\">Opcional<\/span><\/label><textarea id=\"tvs-obs\" placeholder=\"Conte mais sobre sua situa\u00e7\u00e3o ou d\u00favidas relevantes...\"><\/textarea><\/div>\n        <\/div>\n        <div class=\"tvs-sbox\">\n          <h4>\ud83d\udcca Pr\u00e9-visualiza\u00e7\u00e3o do seu perfil<\/h4>\n          <div class=\"tvs-bwrap\"><div id=\"tvs-bf\" class=\"tvs-bfill\"><\/div><\/div>\n          <div class=\"tvs-smeta\"><div class=\"tvs-sval\" id=\"tvs-sv\">--<\/div><div class=\"tvs-slbl\" id=\"tvs-sl\">Calculando sua pontua\u00e7\u00e3o...<\/div><\/div>\n        <\/div>\n        <div class=\"tvs-act\"><button class=\"tvs-btn tvs-back\" onclick=\"tvsBack(4)\">\u2190 Voltar<\/button><button class=\"tvs-btn tvs-submit\" onclick=\"tvsSub()\">\u2708 Enviar para An\u00e1lise<\/button><\/div>\n      <\/div>\n\n    <\/div><!-- \/.tvs-fi -->\n\n    <!-- RESULTADO -->\n    <div class=\"tvs-result\" id=\"tvs-res\">\n      <div class=\"tvs-rbadge\" id=\"tvs-rb\">\u2708\ufe0f<\/div>\n      <div class=\"tvs-rtitle\" id=\"tvs-rt\">An\u00e1lise Conclu\u00edda<\/div>\n      <div class=\"tvs-rsub\" id=\"tvs-rs\">Processando...<\/div>\n      <div class=\"tvs-rscore\"><div class=\"tvs-rnum\" id=\"tvs-rn\">0<\/div><div class=\"tvs-rnuml\">pontos de elegibilidade consular<\/div><\/div>\n      <div class=\"tvs-rpts\" id=\"tvs-rp\"><\/div>\n      <div class=\"tvs-rcta\">\n        <h4>\ud83c\udfaf Pr\u00f3ximo Passo<\/h4>\n        <p id=\"tvs-rc\">Entre em contato com nossa equipe especializada para iniciar o processo com seguran\u00e7a.<\/p>\n        <button class=\"tvs-btn tvs-submit\" id=\"tvs-wbtn\">\ud83d\udcf2 Falar com Especialista no WhatsApp<\/button>\n      <\/div>\n    <\/div>\n\n  <\/div><!-- \/.tvs-fcard -->\n<\/div><!-- \/.tvs-fsec -->\n\n<div class=\"tvs-foot\">\n  <p><img decoding=\"async\" id=\"tvs-foot-logo\" src=\"https:\/\/phellipe.hub-feliz.cloud\/wp-content\/plugins\/tem-visto-saindo\/assets\/logo.png\" alt=\"Logo\" style=\"background:transparent!important;border-radius:0!important;border:none!important;box-shadow:none!important;width:32px;height:32px;display:inline-block;\"> Tem Visto Saindo \u00a9 2025 \u00b7 Especialistas em Vistos Americanos desde 2014 \u00b7 Informa\u00e7\u00f5es confidenciais<\/p>\n<\/div>\n\n<\/div><!-- \/.tvs -->\n\n<script>\n\/\/ Pass per-instance config to JS when rendered via Elementor widget\nif (typeof window.TVS_CONFIG === 'undefined') {\n    window.TVS_CONFIG = {\n        logo:     'https:\/\/phellipe.hub-feliz.cloud\/wp-content\/plugins\/tem-visto-saindo\/assets\/logo.png',\n        whatsapp: '556999287788'\n    };\n}\n<\/script>\n<\/div>\n\t\t\t\t\t\t<\/div>\n\t\t\t\t\t<\/div>\n\t\t\t\t<\/div>\n\t\t<div class=\"elementor-element elementor-element-2a4c49d e-flex e-con-boxed e-con e-parent\" data-id=\"2a4c49d\" data-element_type=\"container\" data-e-type=\"container\">\n\t\t\t\t\t<div class=\"e-con-inner\">\n\t\t\t\t\t<\/div>\n\t\t\t\t<\/div>\n\t\t\t\t<\/div>\n\t\t","protected":false},"excerpt":{"rendered":"","protected":false},"author":1,"featured_media":0,"parent":0,"menu_order":0,"comment_status":"closed","ping_status":"closed","template":"elementor_canvas","meta":{"footnotes":""},"class_list":["post-31","page","type-page","status-publish","hentry"],"_links":{"self":[{"href":"https:\/\/phellipe.hub-feliz.cloud\/index.php\/wp-json\/wp\/v2\/pages\/31","targetHints":{"allow":["GET"]}}],"collection":[{"href":"https:\/\/phellipe.hub-feliz.cloud\/index.php\/wp-json\/wp\/v2\/pages"}],"about":[{"href":"https:\/\/phellipe.hub-feliz.cloud\/index.php\/wp-json\/wp\/v2\/types\/page"}],"author":[{"embeddable":true,"href":"https:\/\/phellipe.hub-feliz.cloud\/index.php\/wp-json\/wp\/v2\/users\/1"}],"replies":[{"embeddable":true,"href":"https:\/\/phellipe.hub-feliz.cloud\/index.php\/wp-json\/wp\/v2\/comments?post=31"}],"version-history":[{"count":10,"href":"https:\/\/phellipe.hub-feliz.cloud\/index.php\/wp-json\/wp\/v2\/pages\/31\/revisions"}],"predecessor-version":[{"id":61,"href":"https:\/\/phellipe.hub-feliz.cloud\/index.php\/wp-json\/wp\/v2\/pages\/31\/revisions\/61"}],"wp:attachment":[{"href":"https:\/\/phellipe.hub-feliz.cloud\/index.php\/wp-json\/wp\/v2\/media?parent=31"}],"curies":[{"name":"wp","href":"https:\/\/api.w.org\/{rel}","templated":true}]}}