{"id":160,"date":"2026-04-27T22:50:19","date_gmt":"2026-04-28T01:50:19","guid":{"rendered":"https:\/\/phellipe.hub-feliz.cloud\/?page_id=160"},"modified":"2026-04-27T22:50:38","modified_gmt":"2026-04-28T01:50:38","slug":"elementor-160","status":"publish","type":"page","link":"https:\/\/phellipe.hub-feliz.cloud\/index.php\/elementor-160\/","title":{"rendered":"Elementor #160"},"content":{"rendered":"\t\t<div data-elementor-type=\"wp-page\" data-elementor-id=\"160\" class=\"elementor elementor-160\">\n\t\t\t\t<div class=\"elementor-element elementor-element-553e733 e-flex e-con-boxed e-con e-parent\" data-id=\"553e733\" data-element_type=\"container\" data-e-type=\"container\">\n\t\t\t\t\t<div class=\"e-con-inner\">\n\t\t\t\t\t<\/div>\n\t\t\t\t<\/div>\n\t\t\t\t<\/div>\n\t\t","protected":false},"excerpt":{"rendered":"<p>\u2726 Cria\u00e7\u00e3o Selecionada com Excel\u00eancia Filhotes que tocam a alma \u00e0 primeira vista. Galgo Italiano de alto padr\u00e3o. Sa\u00fade, beleza e temperamento excepcionais \u2014 criados com amor e dedica\u00e7\u00e3o. \ud83d\udcac Falar no WhatsApp Ver os filhotes Deslize<\/p>\n","protected":false},"author":1,"featured_media":0,"parent":0,"menu_order":0,"comment_status":"closed","ping_status":"closed","template":"","meta":{"footnotes":""},"class_list":["post-160","page","type-page","status-publish","hentry"],"_links":{"self":[{"href":"https:\/\/phellipe.hub-feliz.cloud\/index.php\/wp-json\/wp\/v2\/pages\/160","targetHints":{"allow":["GET"]}}],"collection":[{"href":"https:\/\/phellipe.hub-feliz.cloud\/index.php\/wp-json\/wp\/v2\/pages"}],"about":[{"href":"https:\/\/phellipe.hub-feliz.cloud\/index.php\/wp-json\/wp\/v2\/types\/page"}],"author":[{"embeddable":true,"href":"https:\/\/phellipe.hub-feliz.cloud\/index.php\/wp-json\/wp\/v2\/users\/1"}],"replies":[{"embeddable":true,"href":"https:\/\/phellipe.hub-feliz.cloud\/index.php\/wp-json\/wp\/v2\/comments?post=160"}],"version-history":[{"count":4,"href":"https:\/\/phellipe.hub-feliz.cloud\/index.php\/wp-json\/wp\/v2\/pages\/160\/revisions"}],"predecessor-version":[{"id":164,"href":"https:\/\/phellipe.hub-feliz.cloud\/index.php\/wp-json\/wp\/v2\/pages\/160\/revisions\/164"}],"wp:attachment":[{"href":"https:\/\/phellipe.hub-feliz.cloud\/index.php\/wp-json\/wp\/v2\/media?parent=160"}],"curies":[{"name":"wp","href":"https:\/\/api.w.org\/{rel}","templated":true}]}}